{"id":2,"date":"2024-04-22T04:12:36","date_gmt":"2024-04-22T04:12:36","guid":{"rendered":"https:\/\/merspace.brite.vn\/?page_id=2"},"modified":"2024-05-23T09:37:34","modified_gmt":"2024-05-23T02:37:34","slug":"about","status":"publish","type":"page","link":"https:\/\/merspace.brite.vn\/en\/about\/","title":{"rendered":"MERSPACE"},"content":{"rendered":"\n<figure class=\"wp-block-image size-full\"><img loading=\"lazy\" decoding=\"async\" width=\"1000\" height=\"463\" src=\"https:\/\/merspace.brite.vn\/wp-content\/uploads\/2024\/04\/about.jpg\" alt=\"\" class=\"wp-image-124\" srcset=\"https:\/\/merspace.brite.vn\/wp-content\/uploads\/2024\/04\/about.jpg 1000w, https:\/\/merspace.brite.vn\/wp-content\/uploads\/2024\/04\/about-300x139.jpg 300w, https:\/\/merspace.brite.vn\/wp-content\/uploads\/2024\/04\/about-768x356.jpg 768w\" sizes=\"(max-width: 1000px) 100vw, 1000px\" \/><\/figure>\n\n\n\n<p>C\u1ea3m h\u1ee9ng t\u1ea1o l\u1eadp Mer Space<\/p>\n\n\n\n<p>T\u1ea5t nhi\u00ean r\u1ed3i, Mer Space l\u00e0 m\u1ed9t kh\u00f4ng gian tr\u01b0ng b\u00e0y c\u00e1c t\u00e1c ph\u1ea9m ngh\u1ec7 thu\u1eadt truy\u1ec1n th\u1ed1ng, n\u00ean ng\u01b0\u1eddi ch\u1ee7 t\u1ea1o l\u1eadp l\u00ean kh\u00f4ng gian \u0111\u00f3 \u1eaft h\u1eb3n ph\u1ea3i l\u00e0 ng\u01b0\u1eddi c\u00f3 \u0111am m\u00ea ngh\u1ec7 thu\u1eadt.<br>Tuy nhi\u00ean c\u1ea3m h\u1ee9ng ch\u1ee7 \u0111\u1ea1o l\u1ea1i xu\u1ea5t ph\u00e1t t\u1eeb m\u1ed9t t\u00ecnh y\u00eau n\u1ea3y n\u1edf gi\u1eefa tr\u1eddi thu H\u00e0 N\u1ed9i t\u1eeb h\u01a1n 20 n\u0103m tr\u01b0\u1edbc. T\u00ecnh y\u00eau \u0111\u00f3 c\u0169ng nh\u01b0 c\u00e1c l\u1ee9a \u0111\u00f4i kh\u00e1c, qua th\u1eddi gian d\u00e0i, tr\u1ea3i qua m\u1ecdi cung b\u1eadc th\u0103ng tr\u1ea7m c\u00f3 trong cu\u1ed9c s\u1ed1ng, v\u00e0 h\u00f4m nay s\u00e2u l\u1eafng l\u1ea1i t\u1ea1i Mer Space.<br>N\u00f3i nh\u01b0 v\u1eady c\u1ea3m h\u1ee9ng ch\u1ee7 \u0111\u1ea1o c\u1ee7a Mer Space l\u00e0 t\u00ecnh y\u00eau \u01b0? Ho\u00e0n to\u00e0n \u0111\u00fang l\u00e0 nh\u01b0 v\u1eady, ngo\u00e0i t\u00ecnh y\u00eau gia \u0111\u00ecnh c\u1ee7a v\u1ee3 ch\u1ed3ng, b\u1ed1 m\u1eb9, con c\u00e1i, c\u00f2n c\u00f3 t\u00ecnh y\u00eau c\u1ee7a ng\u01b0\u1eddi ki\u1ebfn tr\u00fac s\u01b0, c\u1ee7a b\u00e0n tay nh\u1eefng ng\u01b0\u1eddi th\u1ee3 n\u1ec1, ng\u01b0\u1eddi anh, ng\u01b0\u1eddi em ho\u1ea1 s\u1ef9 th\u00f4ng qua \u00fd t\u01b0\u1edfng, \u0111\u00f4i tay \u0111\u00e3 \u0111\u1ec3 l\u1ea1i t\u00ecnh y\u00eau v\u1edbi kh\u00f4ng gian n\u00e0y.<br>C\u00e1c b\u1ea1n ki\u1ebfn tr\u00fac s\u01b0, ho\u1ea1 s\u1ef9 mang \u0111\u1ebfn h\u01a1i th\u1edf m\u1edbi \u2013 t\u01b0\u01a1i tr\u1ebb, trong s\u00e1ng nh\u01b0ng l\u1ea1i v\u00f4 c\u00f9ng s\u00e2u l\u1eafng trong m\u1ed7i t\u00e1c ph\u1ea9m c\u1ee7a m\u00ecnh. T\u00f4i nh\u00ecn th\u1ea5y s\u1ef1 mi\u1ec7t m\u00e0i, t\u1ec9 m\u1ec9 v\u00e0 c\u1ea3 s\u1ef1 \u0111\u1ea5u tranh ggi\u1eefa ngh\u1ec7 thu\u1eadt v\u00e0 cu\u1ed9c s\u1ed1ng m\u01b0u sinh \u0111\u1eddi th\u01b0\u1eddng c\u1ee7a c\u00e1c b\u1ea1n. T\u00f4i tr\u00e2n tr\u1ecdng s\u1ef1 s\u00e1ng t\u1ea1o ngh\u1ec7 thu\u1eadt v\u00e0 \u0111am m\u00ea \u201cl\u00e0m ngh\u1ec1\u201d c\u1ee7a c\u00e1c b\u1ea1n.<\/p>\n\n\n\n<p>V\u00e0o m\u1ed9t ng\u00e0y tr\u1eddi bu\u00f4ng n\u1eafng v\u00e0ng gi\u1eefa m\u00f9a thu H\u00e0 N\u1ed9i, b\u1ea1n h\u00e3y s\u00e2u l\u1eafng l\u1ea1i, trong kh\u00f4ng gian y\u00ean b\u00ecnh \u0111\u00f3, ng\u1eafm nh\u00ecn t\u1eebng nh\u1ecbp cu\u1ed1n tr\u1ea7n, m\u00e0u s\u1eafc ki\u1ebfn tr\u00fac, logo, cho \u0111\u1ebfn t\u1eebng t\u00e1c ph\u1ea9m ngh\u1ec7 thu\u1eadt, nh\u00e2m nhi ly cafe ho\u1eb7c r\u01b0\u1ee3u vang \u0111\u1ec3 c\u1ea3m nh\u1eadn mu\u00f4n s\u1eafc m\u00e0u t\u00ecnh y\u00eau trong\u2026. cu\u1ed9c \u0111\u1eddi n\u00e0y.<\/p>\n\n\n\n<figure class=\"wp-block-image size-full\"><img loading=\"lazy\" decoding=\"async\" width=\"1000\" height=\"750\" src=\"https:\/\/merspace.brite.vn\/wp-content\/uploads\/2024\/04\/about_1.jpg\" alt=\"\" class=\"wp-image-114\" srcset=\"https:\/\/merspace.brite.vn\/wp-content\/uploads\/2024\/04\/about_1.jpg 1000w, https:\/\/merspace.brite.vn\/wp-content\/uploads\/2024\/04\/about_1-300x225.jpg 300w, https:\/\/merspace.brite.vn\/wp-content\/uploads\/2024\/04\/about_1-768x576.jpg 768w\" sizes=\"(max-width: 1000px) 100vw, 1000px\" \/><\/figure>\n\n\n\n<div class=\"wp-block-group\"><div class=\"wp-block-group__inner-container is-layout-constrained wp-block-group-is-layout-constrained\">\n<div class=\"wp-block-columns is-layout-flex wp-container-core-columns-is-layout-1 wp-block-columns-is-layout-flex\">\n<div class=\"wp-block-column is-layout-flow wp-block-column-is-layout-flow\" style=\"flex-basis:100%\">\n<figure class=\"wp-block-gallery has-nested-images columns-default is-cropped wp-block-gallery-1 is-layout-flex wp-block-gallery-is-layout-flex\">\n<figure class=\"wp-block-image size-large\"><img loading=\"lazy\" decoding=\"async\" width=\"768\" height=\"1024\" src=\"https:\/\/merspace.brite.vn\/wp-content\/uploads\/2024\/04\/about_2-768x1024.jpg\" alt=\"\" class=\"wp-image-115\" srcset=\"https:\/\/merspace.brite.vn\/wp-content\/uploads\/2024\/04\/about_2-768x1024.jpg 768w, https:\/\/merspace.brite.vn\/wp-content\/uploads\/2024\/04\/about_2-225x300.jpg 225w, https:\/\/merspace.brite.vn\/wp-content\/uploads\/2024\/04\/about_2.jpg 1000w\" sizes=\"(max-width: 768px) 100vw, 768px\" \/><\/figure>\n\n\n\n<figure class=\"wp-block-image size-large\"><img loading=\"lazy\" decoding=\"async\" width=\"768\" height=\"1024\" src=\"https:\/\/merspace.brite.vn\/wp-content\/uploads\/2024\/04\/about_3-768x1024.jpg\" alt=\"\" class=\"wp-image-113\" srcset=\"https:\/\/merspace.brite.vn\/wp-content\/uploads\/2024\/04\/about_3-768x1024.jpg 768w, https:\/\/merspace.brite.vn\/wp-content\/uploads\/2024\/04\/about_3-225x300.jpg 225w, https:\/\/merspace.brite.vn\/wp-content\/uploads\/2024\/04\/about_3.jpg 1000w\" sizes=\"(max-width: 768px) 100vw, 768px\" \/><\/figure>\n<\/figure>\n<\/div>\n<\/div>\n<\/div><\/div>\n","protected":false},"excerpt":{"rendered":"<p>C\u1ea3m h\u1ee9ng t\u1ea1o l\u1eadp Mer Space T\u1ea5t nhi\u00ean r\u1ed3i, Mer Space l\u00e0 m\u1ed9t kh\u00f4ng gian tr\u01b0ng b\u00e0y c\u00e1c t\u00e1c ph\u1ea9m ngh\u1ec7 thu\u1eadt truy\u1ec1n th\u1ed1ng, n\u00ean ng\u01b0\u1eddi ch\u1ee7 t\u1ea1o l\u1eadp l\u00ean kh\u00f4ng gian \u0111\u00f3 \u1eaft h\u1eb3n ph\u1ea3i l\u00e0 ng\u01b0\u1eddi c\u00f3 \u0111am m\u00ea ngh\u1ec7 thu\u1eadt.Tuy nhi\u00ean c\u1ea3m h\u1ee9ng ch\u1ee7 \u0111\u1ea1o l\u1ea1i xu\u1ea5t ph\u00e1t t\u1eeb m\u1ed9t t\u00ecnh y\u00eau&#8230;<\/p>\n","protected":false},"author":1,"featured_media":0,"parent":0,"menu_order":0,"comment_status":"closed","ping_status":"closed","template":"","meta":{"footnotes":""},"_links":{"self":[{"href":"https:\/\/merspace.brite.vn\/en\/wp-json\/wp\/v2\/pages\/2"}],"collection":[{"href":"https:\/\/merspace.brite.vn\/en\/wp-json\/wp\/v2\/pages"}],"about":[{"href":"https:\/\/merspace.brite.vn\/en\/wp-json\/wp\/v2\/types\/page"}],"author":[{"embeddable":true,"href":"https:\/\/merspace.brite.vn\/en\/wp-json\/wp\/v2\/users\/1"}],"replies":[{"embeddable":true,"href":"https:\/\/merspace.brite.vn\/en\/wp-json\/wp\/v2\/comments?post=2"}],"version-history":[{"count":22,"href":"https:\/\/merspace.brite.vn\/en\/wp-json\/wp\/v2\/pages\/2\/revisions"}],"predecessor-version":[{"id":462,"href":"https:\/\/merspace.brite.vn\/en\/wp-json\/wp\/v2\/pages\/2\/revisions\/462"}],"wp:attachment":[{"href":"https:\/\/merspace.brite.vn\/en\/wp-json\/wp\/v2\/media?parent=2"}],"curies":[{"name":"wp","href":"https:\/\/api.w.org\/{rel}","templated":true}]}}